{"id":5880,"date":"2019-09-03T16:46:41","date_gmt":"2019-09-03T13:46:41","guid":{"rendered":"https:\/\/dtse.ro\/acf\/cine-suntem"},"modified":"2025-04-30T10:25:36","modified_gmt":"2025-04-30T07:25:36","slug":"cine-suntem","status":"publish","type":"page","link":"https:\/\/dtse.ro\/ro\/cine-suntem\/","title":{"rendered":"Cine suntem"},"content":{"rendered":"","protected":false},"excerpt":{"rendered":"","protected":false},"author":1,"featured_media":0,"parent":0,"menu_order":0,"comment_status":"closed","ping_status":"closed","template":"","meta":[],"acf":[],"yoast_head":"<!-- This site is optimized with the Yoast SEO plugin v20.1 - https:\/\/yoast.com\/wordpress\/plugins\/seo\/ -->\n<title>Cine suntem - Deutsche Telekom Services Europe Romania<\/title>\n<meta name=\"description\" content=\"Consiliul de administra\u021bie al Deutsche Telekom Services Europe adun\u0103 cei mai buni speciali\u0219ti din domeniile \u00een care \u00ee\u0219i desf\u0103soar\u0103 activitatea. To\u021bi sunt speciali\u0219ti de prim\u0103 clasa renumi\u021bi \u00een toate domeniile \u00een care activeaz\u0103.\" \/>\n<meta name=\"robots\" content=\"index, follow, max-snippet:-1, max-image-preview:large, max-video-preview:-1\" \/>\n<link rel=\"canonical\" href=\"https:\/\/dtse.ro\/ro\/cine-suntem\/\" \/>\n<meta property=\"og:locale\" content=\"ro_RO\" \/>\n<meta property=\"og:type\" content=\"article\" \/>\n<meta property=\"og:title\" content=\"Cine suntem - Deutsche Telekom Services Europe Romania\" \/>\n<meta property=\"og:description\" content=\"Consiliul de administra\u021bie al Deutsche Telekom Services Europe adun\u0103 cei mai buni speciali\u0219ti din domeniile \u00een care \u00ee\u0219i desf\u0103soar\u0103 activitatea. To\u021bi sunt speciali\u0219ti de prim\u0103 clasa renumi\u021bi \u00een toate domeniile \u00een care activeaz\u0103.\" \/>\n<meta property=\"og:url\" content=\"https:\/\/dtse.ro\/ro\/cine-suntem\/\" \/>\n<meta property=\"og:site_name\" content=\"Deutsche Telekom Services Europe Romania\" \/>\n<meta property=\"article:modified_time\" content=\"2025-04-30T07:25:36+00:00\" \/>\n<meta name=\"twitter:card\" content=\"summary_large_image\" \/>\n<script type=\"application\/ld+json\" class=\"yoast-schema-graph\">{\"@context\":\"https:\/\/schema.org\",\"@graph\":[{\"@type\":\"WebPage\",\"@id\":\"https:\/\/dtse.ro\/ro\/cine-suntem\/\",\"url\":\"https:\/\/dtse.ro\/ro\/cine-suntem\/\",\"name\":\"Cine suntem - Deutsche Telekom Services Europe Romania\",\"isPartOf\":{\"@id\":\"https:\/\/dtse.ro\/#website\"},\"datePublished\":\"2019-09-03T13:46:41+00:00\",\"dateModified\":\"2025-04-30T07:25:36+00:00\",\"description\":\"Consiliul de administra\u021bie al Deutsche Telekom Services Europe adun\u0103 cei mai buni speciali\u0219ti din domeniile \u00een care \u00ee\u0219i desf\u0103soar\u0103 activitatea. To\u021bi sunt speciali\u0219ti de prim\u0103 clasa renumi\u021bi \u00een toate domeniile \u00een care activeaz\u0103.\",\"breadcrumb\":{\"@id\":\"https:\/\/dtse.ro\/ro\/cine-suntem\/#breadcrumb\"},\"inLanguage\":\"ro-RO\",\"potentialAction\":[{\"@type\":\"ReadAction\",\"target\":[\"https:\/\/dtse.ro\/ro\/cine-suntem\/\"]}]},{\"@type\":\"BreadcrumbList\",\"@id\":\"https:\/\/dtse.ro\/ro\/cine-suntem\/#breadcrumb\",\"itemListElement\":[{\"@type\":\"ListItem\",\"position\":1,\"name\":\"Home\",\"item\":\"https:\/\/dtse.ro\/ro\/\"},{\"@type\":\"ListItem\",\"position\":2,\"name\":\"Cine suntem\"}]},{\"@type\":\"WebSite\",\"@id\":\"https:\/\/dtse.ro\/#website\",\"url\":\"https:\/\/dtse.ro\/\",\"name\":\"Deutsche Telekom Services Europe Romania\",\"description\":\"\",\"publisher\":{\"@id\":\"https:\/\/dtse.ro\/#organization\"},\"potentialAction\":[{\"@type\":\"SearchAction\",\"target\":{\"@type\":\"EntryPoint\",\"urlTemplate\":\"https:\/\/dtse.ro\/?s={search_term_string}\"},\"query-input\":\"required name=search_term_string\"}],\"inLanguage\":\"ro-RO\"},{\"@type\":\"Organization\",\"@id\":\"https:\/\/dtse.ro\/#organization\",\"name\":\"Deutsche Telekom Services Europe Romania\",\"url\":\"https:\/\/dtse.ro\/\",\"logo\":{\"@type\":\"ImageObject\",\"inLanguage\":\"ro-RO\",\"@id\":\"https:\/\/dtse.ro\/#\/schema\/logo\/image\/\",\"url\":\"https:\/\/dtse.ro\/wp-content\/uploads\/footer_logo.png\",\"contentUrl\":\"https:\/\/dtse.ro\/wp-content\/uploads\/footer_logo.png\",\"width\":85,\"height\":37,\"caption\":\"Deutsche Telekom Services Europe Romania\"},\"image\":{\"@id\":\"https:\/\/dtse.ro\/#\/schema\/logo\/image\/\"}}]}<\/script>\n<!-- \/ Yoast SEO plugin. -->","yoast_head_json":{"title":"Cine suntem - Deutsche Telekom Services Europe Romania","description":"Consiliul de administra\u021bie al Deutsche Telekom Services Europe adun\u0103 cei mai buni speciali\u0219ti din domeniile \u00een care \u00ee\u0219i desf\u0103soar\u0103 activitatea. To\u021bi sunt speciali\u0219ti de prim\u0103 clasa renumi\u021bi \u00een toate domeniile \u00een care activeaz\u0103.","robots":{"index":"index","follow":"follow","max-snippet":"max-snippet:-1","max-image-preview":"max-image-preview:large","max-video-preview":"max-video-preview:-1"},"canonical":"https:\/\/dtse.ro\/ro\/cine-suntem\/","og_locale":"ro_RO","og_type":"article","og_title":"Cine suntem - Deutsche Telekom Services Europe Romania","og_description":"Consiliul de administra\u021bie al Deutsche Telekom Services Europe adun\u0103 cei mai buni speciali\u0219ti din domeniile \u00een care \u00ee\u0219i desf\u0103soar\u0103 activitatea. To\u021bi sunt speciali\u0219ti de prim\u0103 clasa renumi\u021bi \u00een toate domeniile \u00een care activeaz\u0103.","og_url":"https:\/\/dtse.ro\/ro\/cine-suntem\/","og_site_name":"Deutsche Telekom Services Europe Romania","article_modified_time":"2025-04-30T07:25:36+00:00","twitter_card":"summary_large_image","schema":{"@context":"https:\/\/schema.org","@graph":[{"@type":"WebPage","@id":"https:\/\/dtse.ro\/ro\/cine-suntem\/","url":"https:\/\/dtse.ro\/ro\/cine-suntem\/","name":"Cine suntem - Deutsche Telekom Services Europe Romania","isPartOf":{"@id":"https:\/\/dtse.ro\/#website"},"datePublished":"2019-09-03T13:46:41+00:00","dateModified":"2025-04-30T07:25:36+00:00","description":"Consiliul de administra\u021bie al Deutsche Telekom Services Europe adun\u0103 cei mai buni speciali\u0219ti din domeniile \u00een care \u00ee\u0219i desf\u0103soar\u0103 activitatea. To\u021bi sunt speciali\u0219ti de prim\u0103 clasa renumi\u021bi \u00een toate domeniile \u00een care activeaz\u0103.","breadcrumb":{"@id":"https:\/\/dtse.ro\/ro\/cine-suntem\/#breadcrumb"},"inLanguage":"ro-RO","potentialAction":[{"@type":"ReadAction","target":["https:\/\/dtse.ro\/ro\/cine-suntem\/"]}]},{"@type":"BreadcrumbList","@id":"https:\/\/dtse.ro\/ro\/cine-suntem\/#breadcrumb","itemListElement":[{"@type":"ListItem","position":1,"name":"Home","item":"https:\/\/dtse.ro\/ro\/"},{"@type":"ListItem","position":2,"name":"Cine suntem"}]},{"@type":"WebSite","@id":"https:\/\/dtse.ro\/#website","url":"https:\/\/dtse.ro\/","name":"Deutsche Telekom Services Europe Romania","description":"","publisher":{"@id":"https:\/\/dtse.ro\/#organization"},"potentialAction":[{"@type":"SearchAction","target":{"@type":"EntryPoint","urlTemplate":"https:\/\/dtse.ro\/?s={search_term_string}"},"query-input":"required name=search_term_string"}],"inLanguage":"ro-RO"},{"@type":"Organization","@id":"https:\/\/dtse.ro\/#organization","name":"Deutsche Telekom Services Europe Romania","url":"https:\/\/dtse.ro\/","logo":{"@type":"ImageObject","inLanguage":"ro-RO","@id":"https:\/\/dtse.ro\/#\/schema\/logo\/image\/","url":"https:\/\/dtse.ro\/wp-content\/uploads\/footer_logo.png","contentUrl":"https:\/\/dtse.ro\/wp-content\/uploads\/footer_logo.png","width":85,"height":37,"caption":"Deutsche Telekom Services Europe Romania"},"image":{"@id":"https:\/\/dtse.ro\/#\/schema\/logo\/image\/"}}]}},"_links":{"self":[{"href":"https:\/\/dtse.ro\/ro\/wp-json\/wp\/v2\/pages\/5880"}],"collection":[{"href":"https:\/\/dtse.ro\/ro\/wp-json\/wp\/v2\/pages"}],"about":[{"href":"https:\/\/dtse.ro\/ro\/wp-json\/wp\/v2\/types\/page"}],"author":[{"embeddable":true,"href":"https:\/\/dtse.ro\/ro\/wp-json\/wp\/v2\/users\/1"}],"replies":[{"embeddable":true,"href":"https:\/\/dtse.ro\/ro\/wp-json\/wp\/v2\/comments?post=5880"}],"version-history":[{"count":18,"href":"https:\/\/dtse.ro\/ro\/wp-json\/wp\/v2\/pages\/5880\/revisions"}],"predecessor-version":[{"id":12490,"href":"https:\/\/dtse.ro\/ro\/wp-json\/wp\/v2\/pages\/5880\/revisions\/12490"}],"wp:attachment":[{"href":"https:\/\/dtse.ro\/ro\/wp-json\/wp\/v2\/media?parent=5880"}],"curies":[{"name":"wp","href":"https:\/\/api.w.org\/{rel}","templated":true}]}}