{"id":12356,"date":"2023-12-22T12:26:44","date_gmt":"2023-12-22T10:26:44","guid":{"rendered":"https:\/\/dtse.ro\/?page_id=12356"},"modified":"2023-12-22T12:28:14","modified_gmt":"2023-12-22T10:28:14","slug":"compliance","status":"publish","type":"page","link":"https:\/\/dtse.ro\/ro\/compliance\/","title":{"rendered":"Compliance"},"content":{"rendered":"\t\t<div data-elementor-type=\"wp-page\" data-elementor-id=\"12356\" class=\"elementor elementor-12356 elementor-12339\">\n\t\t\t\t\t\t\t\t\t<section class=\"elementor-section elementor-top-section elementor-element elementor-element-379ff2f elementor-section-boxed elementor-section-height-default elementor-section-height-default\" data-id=\"379ff2f\" data-element_type=\"section\">\n\t\t\t\t\t\t<div class=\"elementor-container elementor-column-gap-default\">\n\t\t\t\t\t<div class=\"elementor-column elementor-col-100 elementor-top-column elementor-element elementor-element-e1dc30c\" data-id=\"e1dc30c\" data-element_type=\"column\">\n\t\t\t<div class=\"elementor-widget-wrap elementor-element-populated\">\n\t\t\t\t\t\t\t\t<div class=\"elementor-element elementor-element-bdde51e elementor-widget elementor-widget-html\" data-id=\"bdde51e\" data-element_type=\"widget\" data-widget_type=\"html.default\">\n\t\t\t\t<div class=\"elementor-widget-container\">\n\t\t\t\n\t  <div class=\"container\">\n\t  <h1 class=\"page_title thin\">Conformitate<\/h1>\n\t<\/div>\n  \n\t\n\n<section class=\"article page\">\n  <div class=\" container \">\n\n\t<div class=\"component article_component_text\">\n\t\t  \n\t\t  <p>Deutsche Telekom Services Europe dore\u0219te s\u0103 stabileasc\u0103 standarde, nu numai prin competen\u021b\u0103 \u0219i performan\u021b\u0103, ci \u0219i prin modul \u00een care ac\u021bioneaz\u0103 angaja\u021bii s\u0103i. Apropia\u021bi de clien\u021bi \u0219i parteneri, echitabili \u0219i deschi\u0219i la dialog.\n\t\t  <\/p><p>Respectarea reglement\u0103rilor legale, a valorilor \u0219i obliga\u021biilor este la baza ac\u021biunilor noastre. Toate pot ajuta la protejarea companiei de daune. Pentru a putea contracara nemul\u021bumirile \u0219i abaterile ca companie, trebuie s\u0103 fim con\u0219tien\u021bi de ele.\n\t\t  <\/p><p>Prin urmare, am dori s\u0103 oferim tuturor grupurilor de interese posibilitatea de a sublinia cu u\u0219urin\u021b\u0103 \u0219i, dac\u0103 este necesar, \u00een mod anonim poten\u021biale \u00eenc\u0103lc\u0103ri legale sau de reglementare prin intermediul <a href=\"https:\/\/www.telekom.com\/en\/company\/compliance\/whistleblowerportal\">portalului nostru de avertizori - TellMe<\/a>. Acesta include, de asemenea, referiri la drepturile omului sau riscuri de mediu, restric\u021bii ale libert\u0103\u021bii de exprimare sau \u00eenc\u0103lc\u0103ri \u00een lan\u021bul de aprovizionare - din ac\u021biunile angaja\u021bilor no\u0219tri din propria noastr\u0103 zon\u0103 de afaceri sau ale furnizorilor sau partenerilor no\u0219tri de afaceri. Regulamentul de procedur\u0103 poate fi g\u0103sit tot aici.\n\t\t  <\/p><p>Pentru mai multe informa\u021bii, consulta\u021bi:\n\t\t  <\/p><p>\n\t\t\t  <a href=\"https:\/\/www.telekom.com\/en\/company\/compliance\/whistleblowerportal\">Portalul avertizorilor TellMe<\/a>\n\t\t\t  <br>\n\t\t\t  <a href=\"https:\/\/www.telekom.com\/en\/company\/compliance\">Conformitate<\/a>\n\t\t\t\t  <br>\n\t\t\t\t  <a href=\"https:\/\/www.telekom.com\/en\/corporate-responsibility\">Responsabilitate<\/a>\n\t\t  <\/p>\n\t\t  \n\t\t\t  \n\t  <\/div>\n\n\t\n  <\/div>\n<\/section>\n\t\t<\/div>\n\t\t\t\t<\/div>\n\t\t\t\t\t<\/div>\n\t\t<\/div>\n\t\t\t\t\t\t\t<\/div>\n\t\t<\/section>\n\t\t\t\t\t\t\t<\/div>\n\t\t","protected":false},"excerpt":{"rendered":"<p>Conformitate Deutsche Telekom Services Europe dore\u0219te s\u0103 stabileasc\u0103 standarde, nu numai prin competen\u021b\u0103 \u0219i performan\u021b\u0103, ci \u0219i prin modul \u00een care ac\u021bioneaz\u0103 angaja\u021bii s\u0103i. Apropia\u021bi (\u2026) <\/p>\n<p class=\"link-more\"><a href=\"https:\/\/dtse.ro\/ro\/compliance\/\" class=\"more-link\">Afla mai multe<span class=\"screen-reader-text\"> &#8222;Compliance&#8221;<\/span><\/a><\/p>\n","protected":false},"author":17,"featured_media":0,"parent":0,"menu_order":0,"comment_status":"closed","ping_status":"closed","template":"elementor_header_footer","meta":[],"acf":[],"yoast_head":"<!-- This site is optimized with the Yoast SEO plugin v20.1 - https:\/\/yoast.com\/wordpress\/plugins\/seo\/ -->\n<title>Compliance - Deutsche Telekom Services Europe Romania<\/title>\n<meta name=\"robots\" content=\"index, follow, max-snippet:-1, max-image-preview:large, max-video-preview:-1\" \/>\n<link rel=\"canonical\" href=\"https:\/\/dtse.ro\/ro\/compliance\/\" \/>\n<meta property=\"og:locale\" content=\"ro_RO\" \/>\n<meta property=\"og:type\" content=\"article\" \/>\n<meta property=\"og:title\" content=\"Compliance - Deutsche Telekom Services Europe Romania\" \/>\n<meta property=\"og:description\" content=\"Conformitate Deutsche Telekom Services Europe dore\u0219te s\u0103 stabileasc\u0103 standarde, nu numai prin competen\u021b\u0103 \u0219i performan\u021b\u0103, ci \u0219i prin modul \u00een care ac\u021bioneaz\u0103 angaja\u021bii s\u0103i. Apropia\u021bi (\u2026) Afla mai multe &quot;Compliance&quot;\" \/>\n<meta property=\"og:url\" content=\"https:\/\/dtse.ro\/ro\/compliance\/\" \/>\n<meta property=\"og:site_name\" content=\"Deutsche Telekom Services Europe Romania\" \/>\n<meta property=\"article:modified_time\" content=\"2023-12-22T10:28:14+00:00\" \/>\n<meta name=\"twitter:card\" content=\"summary_large_image\" \/>\n<meta name=\"twitter:label1\" content=\"Timp estimat pentru citire\" \/>\n\t<meta name=\"twitter:data1\" content=\"1 minut\" \/>\n<script type=\"application\/ld+json\" class=\"yoast-schema-graph\">{\"@context\":\"https:\/\/schema.org\",\"@graph\":[{\"@type\":\"WebPage\",\"@id\":\"https:\/\/dtse.ro\/ro\/compliance\/\",\"url\":\"https:\/\/dtse.ro\/ro\/compliance\/\",\"name\":\"Compliance - Deutsche Telekom Services Europe Romania\",\"isPartOf\":{\"@id\":\"https:\/\/dtse.ro\/#website\"},\"datePublished\":\"2023-12-22T10:26:44+00:00\",\"dateModified\":\"2023-12-22T10:28:14+00:00\",\"breadcrumb\":{\"@id\":\"https:\/\/dtse.ro\/ro\/compliance\/#breadcrumb\"},\"inLanguage\":\"ro-RO\",\"potentialAction\":[{\"@type\":\"ReadAction\",\"target\":[\"https:\/\/dtse.ro\/ro\/compliance\/\"]}]},{\"@type\":\"BreadcrumbList\",\"@id\":\"https:\/\/dtse.ro\/ro\/compliance\/#breadcrumb\",\"itemListElement\":[{\"@type\":\"ListItem\",\"position\":1,\"name\":\"Home\",\"item\":\"https:\/\/dtse.ro\/ro\/\"},{\"@type\":\"ListItem\",\"position\":2,\"name\":\"Compliance\"}]},{\"@type\":\"WebSite\",\"@id\":\"https:\/\/dtse.ro\/#website\",\"url\":\"https:\/\/dtse.ro\/\",\"name\":\"Deutsche Telekom Services Europe Romania\",\"description\":\"\",\"publisher\":{\"@id\":\"https:\/\/dtse.ro\/#organization\"},\"potentialAction\":[{\"@type\":\"SearchAction\",\"target\":{\"@type\":\"EntryPoint\",\"urlTemplate\":\"https:\/\/dtse.ro\/?s={search_term_string}\"},\"query-input\":\"required name=search_term_string\"}],\"inLanguage\":\"ro-RO\"},{\"@type\":\"Organization\",\"@id\":\"https:\/\/dtse.ro\/#organization\",\"name\":\"Deutsche Telekom Services Europe Romania\",\"url\":\"https:\/\/dtse.ro\/\",\"logo\":{\"@type\":\"ImageObject\",\"inLanguage\":\"ro-RO\",\"@id\":\"https:\/\/dtse.ro\/#\/schema\/logo\/image\/\",\"url\":\"https:\/\/dtse.ro\/wp-content\/uploads\/footer_logo.png\",\"contentUrl\":\"https:\/\/dtse.ro\/wp-content\/uploads\/footer_logo.png\",\"width\":85,\"height\":37,\"caption\":\"Deutsche Telekom Services Europe Romania\"},\"image\":{\"@id\":\"https:\/\/dtse.ro\/#\/schema\/logo\/image\/\"}}]}<\/script>\n<!-- \/ Yoast SEO plugin. -->","yoast_head_json":{"title":"Compliance - Deutsche Telekom Services Europe Romania","robots":{"index":"index","follow":"follow","max-snippet":"max-snippet:-1","max-image-preview":"max-image-preview:large","max-video-preview":"max-video-preview:-1"},"canonical":"https:\/\/dtse.ro\/ro\/compliance\/","og_locale":"ro_RO","og_type":"article","og_title":"Compliance - Deutsche Telekom Services Europe Romania","og_description":"Conformitate Deutsche Telekom Services Europe dore\u0219te s\u0103 stabileasc\u0103 standarde, nu numai prin competen\u021b\u0103 \u0219i performan\u021b\u0103, ci \u0219i prin modul \u00een care ac\u021bioneaz\u0103 angaja\u021bii s\u0103i. Apropia\u021bi (\u2026) Afla mai multe \"Compliance\"","og_url":"https:\/\/dtse.ro\/ro\/compliance\/","og_site_name":"Deutsche Telekom Services Europe Romania","article_modified_time":"2023-12-22T10:28:14+00:00","twitter_card":"summary_large_image","twitter_misc":{"Timp estimat pentru citire":"1 minut"},"schema":{"@context":"https:\/\/schema.org","@graph":[{"@type":"WebPage","@id":"https:\/\/dtse.ro\/ro\/compliance\/","url":"https:\/\/dtse.ro\/ro\/compliance\/","name":"Compliance - Deutsche Telekom Services Europe Romania","isPartOf":{"@id":"https:\/\/dtse.ro\/#website"},"datePublished":"2023-12-22T10:26:44+00:00","dateModified":"2023-12-22T10:28:14+00:00","breadcrumb":{"@id":"https:\/\/dtse.ro\/ro\/compliance\/#breadcrumb"},"inLanguage":"ro-RO","potentialAction":[{"@type":"ReadAction","target":["https:\/\/dtse.ro\/ro\/compliance\/"]}]},{"@type":"BreadcrumbList","@id":"https:\/\/dtse.ro\/ro\/compliance\/#breadcrumb","itemListElement":[{"@type":"ListItem","position":1,"name":"Home","item":"https:\/\/dtse.ro\/ro\/"},{"@type":"ListItem","position":2,"name":"Compliance"}]},{"@type":"WebSite","@id":"https:\/\/dtse.ro\/#website","url":"https:\/\/dtse.ro\/","name":"Deutsche Telekom Services Europe Romania","description":"","publisher":{"@id":"https:\/\/dtse.ro\/#organization"},"potentialAction":[{"@type":"SearchAction","target":{"@type":"EntryPoint","urlTemplate":"https:\/\/dtse.ro\/?s={search_term_string}"},"query-input":"required name=search_term_string"}],"inLanguage":"ro-RO"},{"@type":"Organization","@id":"https:\/\/dtse.ro\/#organization","name":"Deutsche Telekom Services Europe Romania","url":"https:\/\/dtse.ro\/","logo":{"@type":"ImageObject","inLanguage":"ro-RO","@id":"https:\/\/dtse.ro\/#\/schema\/logo\/image\/","url":"https:\/\/dtse.ro\/wp-content\/uploads\/footer_logo.png","contentUrl":"https:\/\/dtse.ro\/wp-content\/uploads\/footer_logo.png","width":85,"height":37,"caption":"Deutsche Telekom Services Europe Romania"},"image":{"@id":"https:\/\/dtse.ro\/#\/schema\/logo\/image\/"}}]}},"_links":{"self":[{"href":"https:\/\/dtse.ro\/ro\/wp-json\/wp\/v2\/pages\/12356"}],"collection":[{"href":"https:\/\/dtse.ro\/ro\/wp-json\/wp\/v2\/pages"}],"about":[{"href":"https:\/\/dtse.ro\/ro\/wp-json\/wp\/v2\/types\/page"}],"author":[{"embeddable":true,"href":"https:\/\/dtse.ro\/ro\/wp-json\/wp\/v2\/users\/17"}],"replies":[{"embeddable":true,"href":"https:\/\/dtse.ro\/ro\/wp-json\/wp\/v2\/comments?post=12356"}],"version-history":[{"count":4,"href":"https:\/\/dtse.ro\/ro\/wp-json\/wp\/v2\/pages\/12356\/revisions"}],"predecessor-version":[{"id":12360,"href":"https:\/\/dtse.ro\/ro\/wp-json\/wp\/v2\/pages\/12356\/revisions\/12360"}],"wp:attachment":[{"href":"https:\/\/dtse.ro\/ro\/wp-json\/wp\/v2\/media?parent=12356"}],"curies":[{"name":"wp","href":"https:\/\/api.w.org\/{rel}","templated":true}]}}