{"id":12072,"date":"2023-02-22T16:50:08","date_gmt":"2023-02-22T14:50:08","guid":{"rendered":"https:\/\/dtse.ro\/?page_id=12072"},"modified":"2023-03-08T12:46:15","modified_gmt":"2023-03-08T10:46:15","slug":"home","status":"publish","type":"page","link":"https:\/\/dtse.ro\/ro\/","title":{"rendered":"Acasa"},"content":{"rendered":"<style>\n\t@media all and (-ms-high-contrast: none), (-ms-high-contrast: active) {<br \/>\n\t\t .fullpage_hero {<br \/>\n\t\t background-image: url(https:\/\/dtse.ro\/wp-content\/uploads\/Magenta_Pattern_Particle_Tablet_02.jpg);<br \/>\n\t\t background-repeat: no-repeat;<br \/>\n\t\t background-size: cover;<br \/>\n\t\t background-position: 0 !important;<br \/>\n\t   }<br \/>\n\t}<br \/>\n\t@media only screen<br \/>\n\tand (min-width: 550px)<br \/>\n\tand (max-height: 550px)<br \/>\n\tand (orientation: landscape) {<br \/>\n\t  .ios .fullpage_hero {<br \/>\n\t\tbackground-image: url(https:\/\/dtse.ro\/wp-content\/uploads\/Magenta_Pattern_Particle_Tablet_02.jpg);<br \/>\n\t\tbackground-repeat: no-repeat;<br \/>\n\t\tbackground-size: cover;<br \/>\n\t\tbackground-position: 0 !important;<br \/>\n\t  }<br \/>\n\t}<br \/>\n\t@media (max-width: 767px) {<br \/>\n\t  .ios .fullpage_hero {<br \/>\n\t\tbackground-image: url(https:\/\/dtse.ro\/wp-content\/uploads\/wemakeithappen.jpg);<br \/>\n\t\tbackground-repeat: no-repeat;<br \/>\n\t\tbackground-size: cover;<br \/>\n\t\tbackground-position: 0 !important;<br \/>\n\t  }<br \/>\n\t}<br \/>\n  <\/style>\n<section style=\"background-color: rgb(226, 0, 116); height: 576px;\" data-tooltip=\"Home\" data-anchor=\"home\" data-fp-styles=\"background-color: #e20074\">\n  <video loop=\"\" muted=\"\" autoplay=\"\" data-keepplaying=\"\"><source src=\"https:\/\/dtse.ro\/wp-content\/uploads\/pattern.webm\" type=\"video\/webm\"><source src=\"https:\/\/dtse.ro\/wp-content\/uploads\/pattern.mp4\" type=\"video\/mp4\">Sorry, your browser doesn&#8217;t support embedded videos.<\/video><\/p>\n<h2 style=\"color: #ffffff;\n\t\t\tfont-size: 30px;\n\t\t\tline-height: px;\n\t\t\ttext-align: center\"><br \/>\nDEUTSCHE TELEKOM SERVICES EUROPE ROMANIA<\/h2>\n<h2 style=\"color: #ffffff;\n\t\t\tfont-size: px;\n\t\t\tline-height: 130px;\n\t\t\ttext-align: center\"><br \/>\n#wemakeithappen<\/h2>\n<p style=\"color: #ffffff;\n\t\t\tfont-size: 25px;\n\t\t\tline-height: px;\n\t\t\ttext-align: center\"><br \/>\nImpreun\u0103 facem cea mai bun\u0103 echip\u0103!<\/p>\n<p>\t  <a href=\";\" target=\"_self\" rel=\"noopener\"><br \/>\n<img decoding=\"async\" src=\"https:\/\/dtse.ro\/wp-content\/themes\/dtse\/assets\/svg\/scroll-down-icon.svg\"><br \/>\n<\/a><br \/>\n<\/section>\n<section style=\"background-color: rgb(240, 240, 240);\" data-tooltip=\"\" data-anchor=\"\" data-fp-styles=\"background-color: #f0f0f0;\">\n<style>\n\t  .EN_big {<br \/>\n\t\tbackground-color: #ffb356;<br \/>\n\t\twidth: 158px;<br \/>\n\t\theight: 158px;<br \/>\n\t\ttransform: translateX(150px) translateY(500px);<br \/>\n\t}        .DE_big {<br \/>\n\t\tbackground-color: #1bada2;<br \/>\n\t\twidth: 177px;<br \/>\n\t\theight: 177px;<br \/>\n\t\ttransform: translateX(300px) translateY(275px);<br \/>\n\t}        .Slovakia_big {<br \/>\n\t\tbackground-color: #bfcb44;<br \/>\n\t\twidth: 212px;<br \/>\n\t\theight: 212px;<br \/>\n\t\ttransform: translateX(600px) translateY(500px);<br \/>\n\t}<br \/>\n\t\t\t.bubble-1_small-bubble-1 {<br \/>\n\t\t  background-color: #ff9a1e;<br \/>\n\t\t  width: 35px;<br \/>\n\t\t  transform: translateY(100px) translateX(100px);<br \/>\n\t\t  height: 35px;<br \/>\n\t  }<br \/>\n\t\t\t\t.bubble-1_small-bubble-2 {<br \/>\n\t\t  background-color: #ff9a1e;<br \/>\n\t\t  width: 38px;<br \/>\n\t\t  transform: translateY(100px) translateX(100px);<br \/>\n\t\t  height: 38px;<br \/>\n\t  }<br \/>\n\t\t\t\t  .bubble-2_small-bubble-1 {<br \/>\n\t\t  background-color: #65c8c0;<br \/>\n\t\t  width: 57px;<br \/>\n\t\t  transform: translateY(400px) translateX(400px);<br \/>\n\t\t  height: 57px;<br \/>\n\t  }<br \/>\n\t\t\t\t.bubble-2_small-bubble-2 {<br \/>\n\t\t  background-color: #65c8c0;<br \/>\n\t\t  width: 62px;<br \/>\n\t\t  transform: translateY(400px) translateX(400px);<br \/>\n\t\t  height: 62px;<br \/>\n\t  }<br \/>\n\t\t\t\t  .bubble-3_small-bubble-1 {<br \/>\n\t\t  background-color: #cfd873;<br \/>\n\t\t  width: 69px;<br \/>\n\t\t  transform: translateY(300px) translateX(300px);<br \/>\n\t\t  height: 69px;<br \/>\n\t  }<br \/>\n\t\t\t\t.bubble-3_small-bubble-2 {<br \/>\n\t\t  background-color: #cfd873;<br \/>\n\t\t  width: 30px;<br \/>\n\t\t  transform: translateY(300px) translateX(300px);<br \/>\n\t\t  height: 30px;<br \/>\n\t  }<br \/>\n\t\t\t\t.bubble-3_small-bubble-3 {<br \/>\n\t\t  background-color: #cfd873;<br \/>\n\t\t  width: 98px;<br \/>\n\t\t  transform: translateY(300px) translateX(300px);<br \/>\n\t\t  height: 98px;<br \/>\n\t  }<br \/>\n\t\t\t\t  .bubble-4_small-bubble-1 {<br \/>\n\t\t  background-color: #ffd329;<br \/>\n\t\t  width: 23px;<br \/>\n\t\t  transform: translateY(800px) translateX(800px);<br \/>\n\t\t  height: 23px;<br \/>\n\t  }<br \/>\n\t\t\t\t.bubble-4_small-bubble-2 {<br \/>\n\t\t  background-color: #ffde5f;<br \/>\n\t\t  width: 41px;<br \/>\n\t\t  transform: translateY(800px) translateX(800px);<br \/>\n\t\t  height: 41px;<br \/>\n\t  }<br \/>\n\t\t\t\t  .bubble-5_small-bubble-1 {<br \/>\n\t\t  background-color: #7ecbf5;<br \/>\n\t\t  width: 57px;<br \/>\n\t\t  transform: translateY(500px) translateX(500px);<br \/>\n\t\t  height: 57px;<br \/>\n\t  }<br \/>\n\t\t\t\t.bubble-5_small-bubble-2 {<br \/>\n\t\t  background-color: #7ecbf5;<br \/>\n\t\t  width: 36px;<br \/>\n\t\t  transform: translateY(500px) translateX(500px);<br \/>\n\t\t  height: 36px;<br \/>\n\t  }<br \/>\n\t\t\t\t.bubble-5_small-bubble-3 {<br \/>\n\t\t  background-color: #53baf2;<br \/>\n\t\t  width: 45px;<br \/>\n\t\t  transform: translateY(500px) translateX(500px);<br \/>\n\t\t  height: 45px;<br \/>\n\t  }<br \/>\n\t\t\t\t  .bubble-6_small-bubble-1 {<br \/>\n\t\t  background-color: #ffb356;<br \/>\n\t\t  width: 69px;<br \/>\n\t\t  transform: translateY(1200px) translateX(1200px);<br \/>\n\t\t  height: 69px;<br \/>\n\t  }<br \/>\n\t\t\t\t.bubble-6_small-bubble-2 {<br \/>\n\t\t  background-color: #ffb356;<br \/>\n\t\t  width: 95px;<br \/>\n\t\t  transform: translateY(1200px) translateX(1200px);<br \/>\n\t\t  height: 95px;<br \/>\n\t  }<br \/>\n\t\t\t\t.bubble-6_small-bubble-3 {<br \/>\n\t\t  background-color: #ffb356;<br \/>\n\t\t  width: 48px;<br \/>\n\t\t  transform: translateY(1200px) translateX(1200px);<br \/>\n\t\t  height: 48px;<br \/>\n\t  }<br \/>\n@media (max-width: 767px)  {<br \/>\n\t\t   .EN_big {<br \/>\n\t\t  background-color: #ffb356;<br \/>\n\t\t  transform: translateX(50px) translateY(15px);<br \/>\n\t  }               .DE_big {<br \/>\n\t\t  background-color: #1bada2;<br \/>\n\t\t  transform: translateX(200px) translateY(60px);<br \/>\n\t  }               .Slovakia_big {<br \/>\n\t\t  background-color: #bfcb44;<br \/>\n\t\t  transform: translateX(50px) translateY(150px);<br \/>\n\t  }      }<br \/>\n<\/style>\n<h2 style=\"color: #E20074;\n\t\t\tfont-size: px;\n\t\t\tline-height: px;\n\t\t\ttext-align: center\"><br \/>\nHai s\u0103 juc\u0103m un joc!<\/h2>\n<p style=\"color: #5a5a5a;\n\t\t\tfont-size: 25px;\n\t\t\tline-height: px;\n\t\t\ttext-align: center\"><br \/>\nTu alegi o limb\u0103 pe care o vorbe\u0219ti nativ \u0219i noi \u00ee\u021bi ar\u0103t\u0103m ce oportunita\u021bi de carier\u0103 ai<\/p>\n<p>EN<\/p>\n<p>21 Jobs<\/p>\n<p>DE<\/p>\n<p>10 Jobs<\/p>\n<p>Slovakia<\/p>\n<p>1 Jobs<\/p>\n<p><button>x<\/button><\/p>\n<ul>\n<li>\n\t\t<a href=\"https:\/\/jobs.dtse.ro\/job\/hr-business-support-with-german\/\">HR Business Support with German<\/a><br \/>\nRomania<\/li>\n<li>\n\t\t<a href=\"https:\/\/jobs.dtse.ro\/job\/rpa-developer\/\">RPA Developer<\/a><br \/>\nRomania<\/li>\n<li>\n\t\t<a href=\"https:\/\/jobs.dtse.ro\/job\/cloud-architect-engineer\/\">Cloud Architect\/Engineer<\/a><br \/>\nRomania<\/li>\n<li>\n\t\t<a href=\"https:\/\/jobs.dtse.ro\/job\/esg-data-engineer\/\">ESG Data Engineer<\/a><br \/>\nRomania<\/li>\n<\/ul>\n<p><a href=\"https:\/\/jobs.dtse.ro\"><br \/>\nSee all<br \/>\n<\/a><br \/>\n<button>x<\/button><\/p>\n<ul>\n<li>\n\t\t<a href=\"https:\/\/jobs.dtse.ro\/job\/learning-training-specialist-with-german\/\">Learning &amp; Training Specialist with German<\/a><br \/>\nBucharest, Romania<\/li>\n<li>\n\t\t<a href=\"https:\/\/jobs.dtse.ro\/job\/recruitment-administrative-assistant-with-german\/\">Recruitment Administrative Assistant with German<\/a><br \/>\nRomania<\/li>\n<li>\n\t\t<a href=\"https:\/\/jobs.dtse.ro\/job\/reporting-project-manager-with-german\/\">Reporting Project Manager with German<\/a><br \/>\nRomania<\/li>\n<li>\n\t\t<a href=\"https:\/\/jobs.dtse.ro\/job\/ict-consultant-for-sap\/\">ICT Consultant for SAP<\/a><br \/>\nRomania<\/li>\n<\/ul>\n<p><a href=\"https:\/\/jobs.dtse.ro\"><br \/>\nSee all<br \/>\n<\/a><br \/>\n<button>x<\/button><\/p>\n<ul>\n<li>\n\t\t<a href=\"https:\/\/jobs.dtse.ro\/job\/hr-specialist-with-slovak\/\">HR Specialist with Slovak<\/a><br \/>\nRomania<\/li>\n<\/ul>\n<\/section>\n<section data-tooltip=\"News\" data-anchor=\"news\" data-fp-styles=\"null\" style=\"height: 576px;\">\n<h2 style=\"color: #E20074;\n\t\t\tfont-size: px;\n\t\t\tline-height: px;\n\t\t\ttext-align: center\"><br \/>\n\u0218tiri &amp; Evenimente<\/h2>\n<p><div class=\"fullpage_loop_grid row\">\n\t\t\t\t\n\t\t\t\t<div class=\"col-sm-6 col-md-6 col-lg-3\">\n\t\t\t\t  <div class=\"xc_news\">\n\t\t\t\t\t<h3 class=\"xc_news_title text-primary bold\">\n\t\t\t\t\t  <a class=\"text-primary\" href=\"https:\/\/dtse.ro\/ro\/stiri\/11684\/\">\n\t\t\t\t\t\tAmbasadorii no\u0219tri      <\/a>\n\t\t\t\t\t<\/h3>\n\t\t\t\t\t<div class=\"xc_news_action position-relative\">\n\t\t\t\t\t  <a href=\"https:\/\/dtse.ro\/ro\/stiri\/11684\/\">\n\t\t\t\t\t\t<figure class=\"xc_news_image\" style=\"height: 165px; background-image: url(https:\/\/dtse.ro\/wp-content\/uploads\/Grup-refacut-scaled.jpg);\"><\/figure>\n\t\t\t\t\t\t<!-- <span class=\"xc_news_link position-absolute d-block\">Read more<\/span> -->\n\t\t\t\t\t  <\/a>\n\t\t\t\t\t<\/div>\n\t\t\t\t\t<div class=\"xc_news_excerpt\">\n\t\t\t\t\t  <span class=\"xc_news_date bold position-relative float-left\">15.09.2022<\/span>\n\t\t\t\t\t  <p>Cine sunt Ambasadorii DTSE Romania \u0219i de ce avem nevoie de ei? \u0218tim probabil c\u0103 v-a\u021bi pus aceast\u0103 \u00eentreb\u0103re, iar acest articol \u00ee\u0219i propune s\u0103 le r\u0103spund\u0103 la ea \u0219i chiar s\u0103 v\u0103 ofere mai multe detalii despre munca lor.<\/p>\n\t\t\t\t\t<\/div>\n\t\t\t\t\t\n\t\t\t\t\t<div class=\"read-more\">\n\t\t\t\t\t  <a href=\"https:\/\/dtse.ro\/ro\/stiri\/11684\/\" style=\"color: #E20074;\">Read more<\/a>\n\t\t\t\t\t<\/div>\n\t\t\t\t  <\/div>\n\t\t\t\t<\/div>\n\t\t\t\t\n\t\t\t\t\n\t\t\t\t\n\t\t\t\t<div class=\"col-sm-6 col-md-6 col-lg-3\">\n\t\t\t\t  <div class=\"xc_news\">\n\t\t\t\t\t<h3 class=\"xc_news_title text-primary bold\">\n\t\t\t\t\t  <a class=\"text-primary\" href=\"https:\/\/dtse.ro\/ro\/stiri\/dtse-romania-wins-employer-on-the-year-award-2022\/\">\n\t\t\t\t\t\tDTSE Romania este Angajatorul Anului 2022      <\/a>\n\t\t\t\t\t<\/h3>\n\t\t\t\t\t<div class=\"xc_news_action position-relative\">\n\t\t\t\t\t  <a href=\"https:\/\/dtse.ro\/ro\/stiri\/dtse-romania-wins-employer-on-the-year-award-2022\/\">\n\t\t\t\t\t\t<figure class=\"xc_news_image\" style=\"height: 165px; background-image: url(https:\/\/dtse.ro\/wp-content\/uploads\/WhatsApp-Image-2022-05-31-at-4.57.28-PM.jpeg);\"><\/figure>\n\t\t\t\t\t\t<!-- <span class=\"xc_news_link position-absolute d-block\">Read more<\/span> -->\n\t\t\t\t\t  <\/a>\n\t\t\t\t\t<\/div>\n\t\t\t\t\t<div class=\"xc_news_excerpt\">\n\t\t\t\t\t  <span class=\"xc_news_date bold position-relative float-left\">07.07.2022<\/span>\n\t\t\t\t\t  <p>Anii trecu\u021bi au schimbat lumea afacerilor \u00een ceea ce prive\u0219te tehnologia, digitalizarea, obiectivele \u0219i oportunit\u0103\u021bile. La nivel mondial, multe companii au fost nevoite s\u0103 se adapteze \u0219i s\u0103 \u00ee\u0219i ajusteze strategia de afaceri la noile moduri de lucru, pentru a men\u021bine un mediu de lucru stabil.<\/p>\n\t\t\t\t\t<\/div>\n\t\t\t\t\t\n\t\t\t\t\t<div class=\"read-more\">\n\t\t\t\t\t  <a href=\"https:\/\/dtse.ro\/ro\/stiri\/dtse-romania-wins-employer-on-the-year-award-2022\/\" style=\"color: #E20074;\">Read more<\/a>\n\t\t\t\t\t<\/div>\n\t\t\t\t  <\/div>\n\t\t\t\t<\/div>\n\t\t\t\t\n\t\t\t\t\n\t\t\t\t\n\t\t\t\t<div class=\"col-sm-6 col-md-6 col-lg-3\">\n\t\t\t\t  <div class=\"xc_news\">\n\t\t\t\t\t<h3 class=\"xc_news_title text-primary bold\">\n\t\t\t\t\t  <a class=\"text-primary\" href=\"https:\/\/dtse.ro\/ro\/stiri\/our-new-office-in-bucharest-is-ready\/\">\n\t\t\t\t\t\tNoul nostru birou din Bucure\u0219ti este gata!      <\/a>\n\t\t\t\t\t<\/h3>\n\t\t\t\t\t<div class=\"xc_news_action position-relative\">\n\t\t\t\t\t  <a href=\"https:\/\/dtse.ro\/ro\/stiri\/our-new-office-in-bucharest-is-ready\/\">\n\t\t\t\t\t\t<figure class=\"xc_news_image\" style=\"height: 165px; background-image: url(https:\/\/dtse.ro\/wp-content\/uploads\/WhatsApp-Image-2022-03-22-at-11.43.39.jpeg);\"><\/figure>\n\t\t\t\t\t\t<!-- <span class=\"xc_news_link position-absolute d-block\">Read more<\/span> -->\n\t\t\t\t\t  <\/a>\n\t\t\t\t\t<\/div>\n\t\t\t\t\t<div class=\"xc_news_excerpt\">\n\t\t\t\t\t  <span class=\"xc_news_date bold position-relative float-left\">20.06.2022<\/span>\n\t\t\t\t\t  <p>Birourile noastre din Bucure\u0219ti \u0219i Timi\u0219oara au devenit baza noastr\u0103 de opera\u021biuni, identitatea companiei noastre. Biroul nu mai este un loc doar pentru lucru, ci mai degrab\u0103 un loc pentru a te \u00eent\u00e2lni cu colegi, a socializa \u0219i a colabora.<\/p>\n\t\t\t\t\t<\/div>\n\t\t\t\t\t\n\t\t\t\t\t<div class=\"read-more\">\n\t\t\t\t\t  <a href=\"https:\/\/dtse.ro\/ro\/stiri\/our-new-office-in-bucharest-is-ready\/\" style=\"color: #E20074;\">Read more<\/a>\n\t\t\t\t\t<\/div>\n\t\t\t\t  <\/div>\n\t\t\t\t<\/div>\n\t\t\t\t\n\t\t\t\t\n\t\t\t\t\n\t\t\t\t<div class=\"col-sm-6 col-md-6 col-lg-3\">\n\t\t\t\t  <div class=\"xc_news\">\n\t\t\t\t\t<h3 class=\"xc_news_title text-primary bold\">\n\t\t\t\t\t  <a class=\"text-primary\" href=\"https:\/\/dtse.ro\/ro\/stiri\/csr-is-one-of-our-priorities-at-dtse-romania\/\">\n\t\t\t\t\t\tCSR is one of our priorities at DTSE Romania      <\/a>\n\t\t\t\t\t<\/h3>\n\t\t\t\t\t<div class=\"xc_news_action position-relative\">\n\t\t\t\t\t  <a href=\"https:\/\/dtse.ro\/ro\/stiri\/csr-is-one-of-our-priorities-at-dtse-romania\/\">\n\t\t\t\t\t\t<figure class=\"xc_news_image\" style=\"height: 165px; background-image: url(https:\/\/dtse.ro\/wp-content\/uploads\/5305002-scaled.jpg);\"><\/figure>\n\t\t\t\t\t\t<!-- <span class=\"xc_news_link position-absolute d-block\">Read more<\/span> -->\n\t\t\t\t\t  <\/a>\n\t\t\t\t\t<\/div>\n\t\t\t\t\t<div class=\"xc_news_excerpt\">\n\t\t\t\t\t  <span class=\"xc_news_date bold position-relative float-left\">22.06.2021<\/span>\n\t\t\t\t\t  <p>In the past couple of months we were dedicated to CSR actions and here\u2019s a short overview of everything we did.<\/p>\n\t\t\t\t\t<\/div>\n\t\t\t\t\t\n\t\t\t\t\t<div class=\"read-more\">\n\t\t\t\t\t  <a href=\"https:\/\/dtse.ro\/ro\/stiri\/csr-is-one-of-our-priorities-at-dtse-romania\/\" style=\"color: #E20074;\">Read more<\/a>\n\t\t\t\t\t<\/div>\n\t\t\t\t  <\/div>\n\t\t\t\t<\/div>\n\t\t\t\t\n\t\t\t\t<\/div><br \/>\n<\/section>\n<section style=\"background-image: url(&quot;https:\/\/dtse.ro\/wp-content\/uploads\/benefit_test2.jpg&quot;); height: 576px;\" data-tooltip=\"Benefits\" data-anchor=\"benefits\" data-fp-styles=\"background-image:url(https:\/\/dtse.ro\/wp-content\/uploads\/benefit_test2.jpg);\">\n<h2 style=\"color: #ffffff;\n\t\t\tfont-size: px;\n\t\t\tline-height: px;\n\t\t\ttext-align: left\"><br \/>\nBeneficii<\/h2>\n<p>Avem o presim\u021bire c\u0103 mediul de lucru, colegii de treab\u0103 \u0219i \u021binutele casual sunt importante pentru tine, dar nu-\u021bi fie team\u0103, e\u0219ti pe m\u00e2ini bune \u0219i c\u00e2nd vine vorba de remunera\u021bie. Pe lang\u0103 salariul lunar, de care vom avea mereu grij\u0103 s\u0103 fie pe m\u0103sura calit\u0103\u021bilor, energiei \u0219i a eforturilor tale, mai ad\u0103ug\u0103m \u0219i c\u00e2teva lucruri extra. \u00cen fiecare an, \u00een func\u021bie de efortul \u0219i implicarea ta, po\u021bi beneficia \u0219i de bonusuri. \u00cen plus, ai mereu la dispozi\u021bie tichete de mas\u0103 cu care i\u021bi po\u021bi face cump\u0103r\u0103turile la supermarketurile tale preferate. Poate cel mai util lucru const\u0103 \u00een asigurarea transportului c\u0103tre birou, \u00een m\u0103sura \u00een care e\u0219ti eligibil. Po\u021bi vedea care e \u00eentregul nostru pachet de beneficii <a href=\"http:\/\/dtse.ro\/benefits\/\" style=\"text-decoration: underline;\">aici<\/a>.<\/p>\n<\/section>\n","protected":false},"excerpt":{"rendered":"<p>Sorry, your browser doesn&#8217;t support embedded videos. DEUTSCHE TELEKOM SERVICES EUROPE ROMANIA #wemakeithappen Impreun\u0103 facem cea mai bun\u0103 echip\u0103! Hai s\u0103 juc\u0103m un joc! Tu (\u2026) <\/p>\n<p class=\"link-more\"><a href=\"https:\/\/dtse.ro\/ro\/stiri\/csr-is-one-of-our-priorities-at-dtse-romania\/\" class=\"more-link\">Afla mai multe<span class=\"screen-reader-text\"> &#8222;CSR is one of our priorities at DTSE Romania&#8221;<\/span><\/a><\/p>\n","protected":false},"author":17,"featured_media":0,"parent":0,"menu_order":0,"comment_status":"closed","ping_status":"closed","template":"home.php","meta":[],"acf":[],"yoast_head":"<!-- This site is optimized with the Yoast SEO plugin v20.1 - https:\/\/yoast.com\/wordpress\/plugins\/seo\/ -->\n<title>Acasa - Deutsche Telekom Services Europe Romania<\/title>\n<meta name=\"robots\" content=\"index, follow, max-snippet:-1, max-image-preview:large, max-video-preview:-1\" \/>\n<link rel=\"canonical\" href=\"https:\/\/dtse.ro\/ro\/\" \/>\n<meta property=\"og:locale\" content=\"ro_RO\" \/>\n<meta property=\"og:type\" content=\"article\" \/>\n<meta property=\"og:title\" content=\"Acasa - Deutsche Telekom Services Europe Romania\" \/>\n<meta property=\"og:description\" content=\"Sorry, your browser doesn&#8217;t support embedded videos. DEUTSCHE TELEKOM SERVICES EUROPE ROMANIA #wemakeithappen Impreun\u0103 facem cea mai bun\u0103 echip\u0103! Hai s\u0103 juc\u0103m un joc! Tu (\u2026) Afla mai multe &quot;CSR is one of our priorities at DTSE Romania&quot;\" \/>\n<meta property=\"og:url\" content=\"https:\/\/dtse.ro\/ro\/\" \/>\n<meta property=\"og:site_name\" content=\"Deutsche Telekom Services Europe Romania\" \/>\n<meta property=\"article:modified_time\" content=\"2023-03-08T10:46:15+00:00\" \/>\n<meta property=\"og:image\" content=\"https:\/\/dtse.ro\/wp-content\/themes\/dtse\/assets\/svg\/scroll-down-icon.svg\" \/>\n<meta name=\"twitter:card\" content=\"summary_large_image\" \/>\n<meta name=\"twitter:label1\" content=\"Timp estimat pentru citire\" \/>\n\t<meta name=\"twitter:data1\" content=\"3 minute\" \/>\n<script type=\"application\/ld+json\" class=\"yoast-schema-graph\">{\"@context\":\"https:\/\/schema.org\",\"@graph\":[{\"@type\":\"WebPage\",\"@id\":\"https:\/\/dtse.ro\/ro\/\",\"url\":\"https:\/\/dtse.ro\/ro\/\",\"name\":\"Acasa - Deutsche Telekom Services Europe Romania\",\"isPartOf\":{\"@id\":\"https:\/\/dtse.ro\/#website\"},\"datePublished\":\"2023-02-22T14:50:08+00:00\",\"dateModified\":\"2023-03-08T10:46:15+00:00\",\"breadcrumb\":{\"@id\":\"https:\/\/dtse.ro\/ro\/#breadcrumb\"},\"inLanguage\":\"ro-RO\",\"potentialAction\":[{\"@type\":\"ReadAction\",\"target\":[\"https:\/\/dtse.ro\/ro\/\"]}]},{\"@type\":\"BreadcrumbList\",\"@id\":\"https:\/\/dtse.ro\/ro\/#breadcrumb\",\"itemListElement\":[{\"@type\":\"ListItem\",\"position\":1,\"name\":\"Home\",\"item\":\"https:\/\/dtse.ro\/ro\/\"},{\"@type\":\"ListItem\",\"position\":2,\"name\":\"Acasa\"}]},{\"@type\":\"WebSite\",\"@id\":\"https:\/\/dtse.ro\/#website\",\"url\":\"https:\/\/dtse.ro\/\",\"name\":\"Deutsche Telekom Services Europe Romania\",\"description\":\"\",\"publisher\":{\"@id\":\"https:\/\/dtse.ro\/#organization\"},\"potentialAction\":[{\"@type\":\"SearchAction\",\"target\":{\"@type\":\"EntryPoint\",\"urlTemplate\":\"https:\/\/dtse.ro\/?s={search_term_string}\"},\"query-input\":\"required name=search_term_string\"}],\"inLanguage\":\"ro-RO\"},{\"@type\":\"Organization\",\"@id\":\"https:\/\/dtse.ro\/#organization\",\"name\":\"Deutsche Telekom Services Europe Romania\",\"url\":\"https:\/\/dtse.ro\/\",\"logo\":{\"@type\":\"ImageObject\",\"inLanguage\":\"ro-RO\",\"@id\":\"https:\/\/dtse.ro\/#\/schema\/logo\/image\/\",\"url\":\"https:\/\/dtse.ro\/wp-content\/uploads\/footer_logo.png\",\"contentUrl\":\"https:\/\/dtse.ro\/wp-content\/uploads\/footer_logo.png\",\"width\":85,\"height\":37,\"caption\":\"Deutsche Telekom Services Europe Romania\"},\"image\":{\"@id\":\"https:\/\/dtse.ro\/#\/schema\/logo\/image\/\"}}]}<\/script>\n<!-- \/ Yoast SEO plugin. -->","yoast_head_json":{"title":"Acasa - Deutsche Telekom Services Europe Romania","robots":{"index":"index","follow":"follow","max-snippet":"max-snippet:-1","max-image-preview":"max-image-preview:large","max-video-preview":"max-video-preview:-1"},"canonical":"https:\/\/dtse.ro\/ro\/","og_locale":"ro_RO","og_type":"article","og_title":"Acasa - Deutsche Telekom Services Europe Romania","og_description":"Sorry, your browser doesn&#8217;t support embedded videos. DEUTSCHE TELEKOM SERVICES EUROPE ROMANIA #wemakeithappen Impreun\u0103 facem cea mai bun\u0103 echip\u0103! Hai s\u0103 juc\u0103m un joc! Tu (\u2026) Afla mai multe \"CSR is one of our priorities at DTSE Romania\"","og_url":"https:\/\/dtse.ro\/ro\/","og_site_name":"Deutsche Telekom Services Europe Romania","article_modified_time":"2023-03-08T10:46:15+00:00","og_image":[{"url":"https:\/\/dtse.ro\/wp-content\/themes\/dtse\/assets\/svg\/scroll-down-icon.svg"}],"twitter_card":"summary_large_image","twitter_misc":{"Timp estimat pentru citire":"3 minute"},"schema":{"@context":"https:\/\/schema.org","@graph":[{"@type":"WebPage","@id":"https:\/\/dtse.ro\/ro\/","url":"https:\/\/dtse.ro\/ro\/","name":"Acasa - Deutsche Telekom Services Europe Romania","isPartOf":{"@id":"https:\/\/dtse.ro\/#website"},"datePublished":"2023-02-22T14:50:08+00:00","dateModified":"2023-03-08T10:46:15+00:00","breadcrumb":{"@id":"https:\/\/dtse.ro\/ro\/#breadcrumb"},"inLanguage":"ro-RO","potentialAction":[{"@type":"ReadAction","target":["https:\/\/dtse.ro\/ro\/"]}]},{"@type":"BreadcrumbList","@id":"https:\/\/dtse.ro\/ro\/#breadcrumb","itemListElement":[{"@type":"ListItem","position":1,"name":"Home","item":"https:\/\/dtse.ro\/ro\/"},{"@type":"ListItem","position":2,"name":"Acasa"}]},{"@type":"WebSite","@id":"https:\/\/dtse.ro\/#website","url":"https:\/\/dtse.ro\/","name":"Deutsche Telekom Services Europe Romania","description":"","publisher":{"@id":"https:\/\/dtse.ro\/#organization"},"potentialAction":[{"@type":"SearchAction","target":{"@type":"EntryPoint","urlTemplate":"https:\/\/dtse.ro\/?s={search_term_string}"},"query-input":"required name=search_term_string"}],"inLanguage":"ro-RO"},{"@type":"Organization","@id":"https:\/\/dtse.ro\/#organization","name":"Deutsche Telekom Services Europe Romania","url":"https:\/\/dtse.ro\/","logo":{"@type":"ImageObject","inLanguage":"ro-RO","@id":"https:\/\/dtse.ro\/#\/schema\/logo\/image\/","url":"https:\/\/dtse.ro\/wp-content\/uploads\/footer_logo.png","contentUrl":"https:\/\/dtse.ro\/wp-content\/uploads\/footer_logo.png","width":85,"height":37,"caption":"Deutsche Telekom Services Europe Romania"},"image":{"@id":"https:\/\/dtse.ro\/#\/schema\/logo\/image\/"}}]}},"_links":{"self":[{"href":"https:\/\/dtse.ro\/ro\/wp-json\/wp\/v2\/pages\/12072"}],"collection":[{"href":"https:\/\/dtse.ro\/ro\/wp-json\/wp\/v2\/pages"}],"about":[{"href":"https:\/\/dtse.ro\/ro\/wp-json\/wp\/v2\/types\/page"}],"author":[{"embeddable":true,"href":"https:\/\/dtse.ro\/ro\/wp-json\/wp\/v2\/users\/17"}],"replies":[{"embeddable":true,"href":"https:\/\/dtse.ro\/ro\/wp-json\/wp\/v2\/comments?post=12072"}],"version-history":[{"count":53,"href":"https:\/\/dtse.ro\/ro\/wp-json\/wp\/v2\/pages\/12072\/revisions"}],"predecessor-version":[{"id":12214,"href":"https:\/\/dtse.ro\/ro\/wp-json\/wp\/v2\/pages\/12072\/revisions\/12214"}],"wp:attachment":[{"href":"https:\/\/dtse.ro\/ro\/wp-json\/wp\/v2\/media?parent=12072"}],"curies":[{"name":"wp","href":"https:\/\/api.w.org\/{rel}","templated":true}]}}