{"id":11946,"date":"2023-02-15T11:40:47","date_gmt":"2023-02-15T09:40:47","guid":{"rendered":"https:\/\/dtse.ro\/?page_id=11946"},"modified":"2023-02-15T11:46:22","modified_gmt":"2023-02-15T09:46:22","slug":"despre-noi-2","status":"publish","type":"page","link":"https:\/\/dtse.ro\/ro\/despre-noi-2\/","title":{"rendered":"Despre noi"},"content":{"rendered":"\t\t<div data-elementor-type=\"wp-page\" data-elementor-id=\"11946\" class=\"elementor elementor-11946 elementor-11936\">\n\t\t\t\t\t\t\t\t\t<section class=\"elementor-section elementor-top-section elementor-element elementor-element-805a954 elementor-section-full_width elementor-section-height-default elementor-section-height-default\" data-id=\"805a954\" data-element_type=\"section\">\n\t\t\t\t\t\t<div class=\"elementor-container elementor-column-gap-default\">\n\t\t\t\t\t<div class=\"elementor-column elementor-col-100 elementor-top-column elementor-element elementor-element-1493127\" data-id=\"1493127\" data-element_type=\"column\">\n\t\t\t<div class=\"elementor-widget-wrap elementor-element-populated\">\n\t\t\t\t\t\t\t\t<div class=\"elementor-element elementor-element-15ae877 elementor-widget elementor-widget-html\" data-id=\"15ae877\" data-element_type=\"widget\" data-widget_type=\"html.default\">\n\t\t\t\t<div class=\"elementor-widget-container\">\n\t\t\t\n\n<div class=\"container\">\n\t  <h1 class=\"page_title thin\">Despre noi<\/h1>\n\t<\/div>\n  \n\t\n\n<section class=\"article page\">\n  <div class=\" container \">\n\t\n\t  \n\n\n\t  \n\n\n\t  \n\t\t\t\t  <div id=\"deutsche-telekom-services-europe-romania\" class=\"component article_content\">\n\t\t\t<h2 class=\"article_content_heading text-primary\">\n\t\t\t  Deutsche Telekom Services Europe Romania            <\/h2>\n\t\t\t<div class=\"article_content_text\"><p>Startup-ul Deutsche Telekom Business Services a luat na\u0219tere \u00een Europa \u00een anul 2013, perioad\u0103 \u00een care se contura necesitatea unui furnizor intern de servicii t\u00e2nar, cu o viziune nou\u0103 \u0219i inovativ\u0103 pentru \u00eentregul grup.<\/p>\n<p>\u00cenc\u0103 de la \u00eenceput, am fost un exemplu demn de urmat pentru toate celelalte centre de servicii partajate \u0219i am devenit principalul furnizor intern de servicii pentru \u00eentreg grupul Deutsche Telekom. \u00cen scurt timp am deschis un al doilea birou \u00een Rom\u00e2nia, la Timi\u0219oara. \u00cen luna mai 2017 a fost fondat Deutsche Telekom Services Europe care a reunit serviciile prestate pentru \u00eentregul grup. Drept urmare, numele companiei s-a schimbat din Deutsche Telekom Business Services \u00een Deutsche Telekom Services Europe Rom\u00e2nia, oferind o gam\u0103 \u00eentreag\u0103 de servicii pentru celelalte companii ale grupului. \u00cen ciuda acestor schimb\u0103ri, modul inovativ \u0219i creativ \u00een care g\u00e2ndim \u0219i ne desfa\u0219uram activitatea continu\u0103 s\u0103 performeze \u0219i ast\u0103zi. Acum, Deutsche Telekom Services Europe are 10 birouri \u00een 4 \u021b\u0103ri: Germania, Slovacia, Republica Ceh\u0103 \u0219i Rom\u00e2nia.<\/p>\n<\/div>\n\t\t  <\/div>\n\t\t\n\t\t\n\t  \n\n\n\t  \n\n\n\t  \n\n\n\t  \n\n\n\t  \n\n\t\n  <\/div>\n<\/section>\n\n\n<section class=\"article page\">\n  <div class=\" container \">\n\t\n\t  \n\n\n\t  \n\n\n\t  \n\t\t\t\t  <div id=\"deutsche-telekom-services-europe\" class=\"component article_content\">\n\t\t\t<h2 class=\"article_content_heading text-primary\">\n\t\t\t  Deutsche Telekom Services Europe            <\/h2>\n\t\t\t<div class=\"article_content_text\"><p>Deutsche Telekom Services Europe este un incubator de solu\u021bii inovative pentru \u00eentregul grup Deutsche Telekom. De la automatiz\u0103ri pan\u0103 la proces\u0103ri \u0219i min\u0103ri de date, DTSE dezvolt\u0103 solu\u021bii menite s\u0103 \u00eembun\u0103t\u0103\u021beasc\u0103 lumea \u00een care tr\u0103im.<\/p>\n<p>Mentalitatea Deutsche Telekom Services Europe este bazat\u0103 pe cinci mari piloni care s-au dovedit a fi esen\u021biali pentru succesul global al companiei de-a lungul timpului: cea mai bun\u0103 experien\u021b\u0103 pentru clien\u021bi, servicii de \u00eenalt\u0103 calitate, condi\u021bii de lucru excelente, inova\u021bie continu\u0103 \u0219i cre\u0219terea continu\u0103 a competitivita\u021bii. Aceasta este tradi\u021bia Deutsche Telekom pe care o onor\u0103m cu to\u021bii.<\/p>\n<\/div>\n\t\t  <\/div>\n\t\t\n\t\t\n\t  \n\n\n\t  \n\n\n\t  \n\n\n\t  \n\n\n\t  \n\n\t\n  <\/div>\n<\/section>\n\n<section class=\"counters\">\n  <div class=\"container\">\n\t<div class=\"row counters_list\">\n\n\t\t\t  <div class=\"col-sm-12 col-md-4\">\n\t\t  <div class=\"counter text-center\">\n\t\t\t<div class=\"counter_number ultra\">10<\/div>\n\t\t\t<div class=\"counter_label thin\">Loca\u021bii<\/div>\n\t\t  <\/div>\n\t\t<\/div>\n\t\t\t  <div class=\"col-sm-12 col-md-4\">\n\t\t  <div class=\"counter text-center\">\n\t\t\t<div class=\"counter_number ultra\">3500<\/div>\n\t\t\t<div class=\"counter_label thin\">Angaja\u021bi<\/div>\n\t\t  <\/div>\n\t\t<\/div>\n\t\t\t  <div class=\"col-sm-12 col-md-4\">\n\t\t  <div class=\"counter text-center\">\n\t\t\t<div class=\"counter_number ultra\">5<\/div>\n\t\t\t<div class=\"counter_label thin\">Linii de servicii<\/div>\n\t\t  <\/div>\n\t\t<\/div>\n\t  \n\t<\/div>\n  <\/div>\n\n  <script type=\"text\/javascript\">\n\n\tfunction round(value, precision) {\n\t  var multiplier = Math.pow(10, precision || 0);\n\t  return Math.round(value * multiplier) \/ multiplier;\n\t}\n\n\tvar $ = jQuery;\n\tvar active = false;\n\n\t$(document).ready(function(){\n\n\t$('.counter').waypoint(function(direction) {\n\n\t  if (active == false) {\n\t\tactive = true;\n\n\t\t  $('.counter_number').each(function () {\n\t\t\t  $(this).prop('Counter',0).animate({\n\t\t\t\t  Counter: $(this).text()\n\t\t\t  }, {\n\t\t\t\t  duration: 3000,\n\t\t\t\t  easing: 'swing',\n\t\t\t\t  step: function (now) {\n\t\t\t\t\t  if(now == 3500){\n\t\t\t\t\t\t\t$(this).text('+'+round(now, 0));\n\t\t\t\t\t\t}else{\n\t\t\t\t\t\t\t$(this).text(round(now, 0));\n\t\t\t\t\t\t}\n\t\t\t\t  }\n\t\t\t  });\n\n\t\t  });\n\t  } else {}\n\t }, { offset: '100%'});\n\n\tsetTimeout(function(){ active = false; }, 3000);\n\n\t});\n  <\/script>\n\n<\/section>\n\n\n<section class=\"article page\">\n  <div class=\" container \">\n\t\n\t  \n\n\n\t  \n\n\n\t  \n\t\t\t\t  <div id=\"deutsche-telekom-group\" class=\"component article_content\">\n\t\t\t<h2 class=\"article_content_heading text-primary\">\n\t\t\t  Deutsche Telekom Group            <\/h2>\n\t\t\t<div class=\"article_content_text\"><p>Deutsche Telekom, fosta companie de stat Deutsche Bundespost care s-a privatizat \u00een anul 1996, \u00ee\u0219i are sediul central la Bonn \u0219i este probabil cea mai bun\u0103 companie de telecomunica\u021bii din Europa. Grupul Deutsche Telekom se concentreaz\u0103 pe dou\u0103 sectoare de business: infrastructur\u0103 IT &amp; solu\u021bii software oferite de companiile T-Systems (ex. T-Systems France, T-Systems Belgium, T-Systems Slovakia etc) \u0219i solu\u021bii de telecomunica\u021bii oferite de companiile Telekom\/T-Mobile (ex. T-Mobile Austria, Telekom Rom\u00e2nia, T-Mobile Polska etc). Grupul Deutsche Telekom furnizeaz\u0103 solu\u021bii de comunicare pentru 165 de milioane de utilizatori de mobil, 29 de milioane de utilizatori de linii fixe, 19 milioane de utilizatori de internet de mare vitez\u0103, 6.9 de abona\u021bi de televiziune \u0219i aproximativ 2 milioane de sisteme de management al birourilor. Global, Deutsche Telekom are 225.000 de angaja\u021bi \u00een peste 50 de \u021b\u0103ri.<\/p>\n<p>Deutsche Telekom se implic\u0103 de asemenea \u00een mod activ \u00een domenii care cresc calitatea vie\u021bii precum schimb\u0103rile climatice, responsabilitate social\u0103 \u0219i securitatea datelor.<\/p>\n<\/div>\n\t\t  <\/div>\n\t\t\n\t\t\n\t  \n\n\n\t  \n\n\n\t  \n\n\n\t  \n\n\n\t  \n\n\t\n  <\/div>\n<\/section>\n\n\n\n\n\t\t<\/div>\n\t\t\t\t<\/div>\n\t\t\t\t\t<\/div>\n\t\t<\/div>\n\t\t\t\t\t\t\t<\/div>\n\t\t<\/section>\n\t\t\t\t<section class=\"elementor-section elementor-top-section elementor-element elementor-element-1c872841 elementor-section-boxed elementor-section-height-default elementor-section-height-default\" data-id=\"1c872841\" data-element_type=\"section\">\n\t\t\t\t\t\t<div class=\"elementor-container elementor-column-gap-default\">\n\t\t\t\t\t<div class=\"elementor-column elementor-col-100 elementor-top-column elementor-element elementor-element-77be2338\" data-id=\"77be2338\" data-element_type=\"column\">\n\t\t\t<div class=\"elementor-widget-wrap elementor-element-populated\">\n\t\t\t\t\t\t\t\t<div class=\"elementor-element elementor-element-373d877e elementor-widget elementor-widget-shortcode\" data-id=\"373d877e\" data-element_type=\"widget\" data-widget_type=\"shortcode.default\">\n\t\t\t\t<div class=\"elementor-widget-container\">\n\t\t\t\t\t<div class=\"elementor-shortcode\"><div id=\"unique_iwm_0\"><!-- Map Generated CSS --> \n <style>\n.iwm_map_canvas { overflow:hidden; }#map_canvas_1 path[stroke-width^='3'] + path { display:none; }#map_canvas_1 path[stroke-width^='3'] + path + path:not([fill^='#f5f5f5']) { display:none; }#map_canvas_1 path[stroke-width^='3'] { fill:#e20074;  }#map_canvas_1 path[fill^='#f5f5f5'] { pointer-events: none; }#map_canvas_1 path[fill^='none'] { pointer-events: none; }#map_canvas_1 path:not([fill^='#f5f5f5']) + path[stroke-width^='3'] { stroke-width:1; stroke-opacity:0; stroke:#e20074; }#map_canvas_1 circle[stroke-width='3'] { fill:#e20074;  }#map_canvas_1 text:hover { fill:#e20074;  }#map_canvas_1 path:not([fill^=\"#f5f5f5\"]):hover { cursor:pointer; }#map_canvas_1 circle:hover { cursor:pointer; }#map_canvas_1 text:hover { cursor:pointer; }#map_canvas_1 { background-repeat:no-repeat; background-size: 100% 100%; }#map_canvas_1 text { font-family:fontAwesome; }<\/style><div id='imap1message'>\r\n\t\t\t\t<div id=\"map_1_message_RO\" style=\"display:none;\"><\/div><div id=\"map_1_message_CA\" style=\"display:none;\"><\/div><div id=\"map_1_message_IN\" style=\"display:none;\"><\/div><div id=\"map_1_message_BR\" style=\"display:none;\"><\/div><div id=\"map_1_message_AR\" style=\"display:none;\"><\/div><div id=\"map_1_message_ZA\" style=\"display:none;\"><\/div><div id=\"map_1_message_BG\" style=\"display:none;\"><\/div><div id=\"map_1_message_HU\" style=\"display:none;\"><\/div><div id=\"map_1_message_PL\" style=\"display:none;\"><\/div><div id=\"map_1_message_ES\" style=\"display:none;\"><\/div><div id=\"map_1_message_FR\" style=\"display:none;\"><\/div><div id=\"map_1_message_DE\" style=\"display:none;\"><\/div><div id=\"map_1_message_BE\" style=\"display:none;\"><\/div><div id=\"map_1_message_NL\" style=\"display:none;\"><\/div><div id=\"map_1_message_CZ\" style=\"display:none;\"><\/div><div id=\"map_1_message_AT\" style=\"display:none;\"><\/div><div id=\"map_1_message_SK\" style=\"display:none;\"><\/div><div id=\"map_1_message_GB\" style=\"display:none;\"><\/div><div id=\"map_1_message_MK\" style=\"display:none;\"><\/div><div id=\"map_1_message_ME\" style=\"display:none;\"><\/div><div id=\"map_1_message_HR\" style=\"display:none;\"><\/div><div id=\"map_1_message_SG\" style=\"display:none;\"><\/div><div id=\"map_1_message_AL\" style=\"display:none;\"><\/div><div id=\"map_1_message_DK\" style=\"display:none;\"><\/div><div id=\"map_1_message_FI\" style=\"display:none;\"><\/div><div id=\"map_1_message_GR\" style=\"display:none;\"><\/div><div id=\"map_1_message_LU\" style=\"display:none;\"><\/div><div id=\"map_1_message_SE\" style=\"display:none;\"><\/div><div id=\"map_1_message_CH\" style=\"display:none;\"><\/div><div id=\"map_1_message_TR\" style=\"display:none;\"><\/div><div id=\"map_1_message_UA\" style=\"display:none;\"><\/div><div id=\"map_1_message_CN\" style=\"display:none;\"><\/div><div id=\"map_1_message_MY\" style=\"display:none;\"><\/div><div id=\"map_1_message_MX\" style=\"display:none;\"><\/div><div id=\"map_1_message_US\" style=\"display:none;\"><\/div>\r\n\t\t\t\t<\/div><div class='iwm_map_canvas'><div id='map_canvas_1' data-map-id='1'  class='i_world_map ' class='iwm_map_canvas'><div class='iwm_placeholder'><img width='32px' alt='About Placeholder' title='About' src='https:\/\/dtse.ro\/wp-content\/plugins\/interactive-world-maps\/imgs\/placeholder.png'><br>About<\/div><\/div><\/div><div id='imap1message' style='display:none;'>\r\n\t\t\t\t<div id=\"map_1_message_RO\" style=\"display:block;\"><\/div><div id=\"map_1_message_CA\" style=\"display:block;\"><\/div><div id=\"map_1_message_IN\" style=\"display:block;\"><\/div><div id=\"map_1_message_BR\" style=\"display:block;\"><\/div><div id=\"map_1_message_AR\" style=\"display:block;\"><\/div><div id=\"map_1_message_ZA\" style=\"display:block;\"><\/div><div id=\"map_1_message_BG\" style=\"display:block;\"><\/div><div id=\"map_1_message_HU\" style=\"display:block;\"><\/div><div id=\"map_1_message_PL\" style=\"display:block;\"><\/div><div id=\"map_1_message_ES\" style=\"display:block;\"><\/div><div id=\"map_1_message_FR\" style=\"display:block;\"><\/div><div id=\"map_1_message_DE\" style=\"display:block;\"><\/div><div id=\"map_1_message_BE\" style=\"display:block;\"><\/div><div id=\"map_1_message_NL\" style=\"display:block;\"><\/div><div id=\"map_1_message_CZ\" style=\"display:block;\"><\/div><div id=\"map_1_message_AT\" style=\"display:block;\"><\/div><div id=\"map_1_message_SK\" style=\"display:block;\"><\/div><div id=\"map_1_message_GB\" style=\"display:block;\"><\/div><div id=\"map_1_message_MK\" style=\"display:block;\"><\/div><div id=\"map_1_message_ME\" style=\"display:block;\"><\/div><div id=\"map_1_message_HR\" style=\"display:block;\"><\/div><div id=\"map_1_message_SG\" style=\"display:block;\"><\/div><div id=\"map_1_message_AL\" style=\"display:block;\"><\/div><div id=\"map_1_message_DK\" style=\"display:block;\"><\/div><div id=\"map_1_message_FI\" style=\"display:block;\"><\/div><div id=\"map_1_message_GR\" style=\"display:block;\"><\/div><div id=\"map_1_message_LU\" style=\"display:block;\"><\/div><div id=\"map_1_message_SE\" style=\"display:block;\"><\/div><div id=\"map_1_message_CH\" style=\"display:block;\"><\/div><div id=\"map_1_message_TR\" style=\"display:block;\"><\/div><div id=\"map_1_message_UA\" style=\"display:block;\"><\/div><div id=\"map_1_message_CN\" style=\"display:block;\"><\/div><div id=\"map_1_message_MY\" style=\"display:block;\"><\/div><div id=\"map_1_message_MX\" style=\"display:block;\"><\/div><div id=\"map_1_message_US\" style=\"display:block;\"><\/div>\r\n\t\t\t\t<\/div><\/div><\/div>\n\t\t\t\t<\/div>\n\t\t\t\t<\/div>\n\t\t\t\t<div class=\"elementor-element elementor-element-2781fde2 elementor-widget elementor-widget-heading\" data-id=\"2781fde2\" data-element_type=\"widget\" data-widget_type=\"heading.default\">\n\t\t\t\t<div class=\"elementor-widget-container\">\n\t\t\t<style>\/*! elementor - v3.11.0 - 13-02-2023 *\/\n.elementor-heading-title{padding:0;margin:0;line-height:1}.elementor-widget-heading .elementor-heading-title[class*=elementor-size-]>a{color:inherit;font-size:inherit;line-height:inherit}.elementor-widget-heading .elementor-heading-title.elementor-size-small{font-size:15px}.elementor-widget-heading .elementor-heading-title.elementor-size-medium{font-size:19px}.elementor-widget-heading .elementor-heading-title.elementor-size-large{font-size:29px}.elementor-widget-heading .elementor-heading-title.elementor-size-xl{font-size:39px}.elementor-widget-heading .elementor-heading-title.elementor-size-xxl{font-size:59px}<\/style><h2 class=\"elementor-heading-title elementor-size-default\">Click on different areas to see our operations<\/h2>\t\t<\/div>\n\t\t\t\t<\/div>\n\t\t\t\t\t<\/div>\n\t\t<\/div>\n\t\t\t\t\t\t\t<\/div>\n\t\t<\/section>\n\t\t\t\t\t\t\t<\/div>\n\t\t","protected":false},"excerpt":{"rendered":"<p>Despre noi Deutsche Telekom Services Europe Romania Startup-ul Deutsche Telekom Business Services a luat na\u0219tere \u00een Europa \u00een anul 2013, perioad\u0103 \u00een care se contura (\u2026) <\/p>\n<p class=\"link-more\"><a href=\"https:\/\/dtse.ro\/ro\/despre-noi-2\/\" class=\"more-link\">Afla mai multe<span class=\"screen-reader-text\"> &#8222;Despre noi&#8221;<\/span><\/a><\/p>\n","protected":false},"author":17,"featured_media":0,"parent":0,"menu_order":0,"comment_status":"closed","ping_status":"closed","template":"elementor_header_footer","meta":[],"acf":[],"yoast_head":"<!-- This site is optimized with the Yoast SEO plugin v20.1 - https:\/\/yoast.com\/wordpress\/plugins\/seo\/ -->\n<title>Despre noi - Deutsche Telekom Services Europe Romania<\/title>\n<meta name=\"robots\" content=\"index, follow, max-snippet:-1, max-image-preview:large, max-video-preview:-1\" \/>\n<link rel=\"canonical\" href=\"https:\/\/dtse.ro\/ro\/despre-noi-2\/\" \/>\n<meta property=\"og:locale\" content=\"ro_RO\" \/>\n<meta property=\"og:type\" content=\"article\" \/>\n<meta property=\"og:title\" content=\"Despre noi - Deutsche Telekom Services Europe Romania\" \/>\n<meta property=\"og:description\" content=\"Despre noi Deutsche Telekom Services Europe Romania Startup-ul Deutsche Telekom Business Services a luat na\u0219tere \u00een Europa \u00een anul 2013, perioad\u0103 \u00een care se contura (\u2026) Afla mai multe &quot;Despre noi&quot;\" \/>\n<meta property=\"og:url\" content=\"https:\/\/dtse.ro\/ro\/despre-noi-2\/\" \/>\n<meta property=\"og:site_name\" content=\"Deutsche Telekom Services Europe Romania\" \/>\n<meta property=\"article:modified_time\" content=\"2023-02-15T09:46:22+00:00\" \/>\n<meta name=\"twitter:card\" content=\"summary_large_image\" \/>\n<meta name=\"twitter:label1\" content=\"Timp estimat pentru citire\" \/>\n\t<meta name=\"twitter:data1\" content=\"4 minute\" \/>\n<script type=\"application\/ld+json\" class=\"yoast-schema-graph\">{\"@context\":\"https:\/\/schema.org\",\"@graph\":[{\"@type\":\"WebPage\",\"@id\":\"https:\/\/dtse.ro\/ro\/despre-noi-2\/\",\"url\":\"https:\/\/dtse.ro\/ro\/despre-noi-2\/\",\"name\":\"Despre noi - Deutsche Telekom Services Europe Romania\",\"isPartOf\":{\"@id\":\"https:\/\/dtse.ro\/#website\"},\"datePublished\":\"2023-02-15T09:40:47+00:00\",\"dateModified\":\"2023-02-15T09:46:22+00:00\",\"breadcrumb\":{\"@id\":\"https:\/\/dtse.ro\/ro\/despre-noi-2\/#breadcrumb\"},\"inLanguage\":\"ro-RO\",\"potentialAction\":[{\"@type\":\"ReadAction\",\"target\":[\"https:\/\/dtse.ro\/ro\/despre-noi-2\/\"]}]},{\"@type\":\"BreadcrumbList\",\"@id\":\"https:\/\/dtse.ro\/ro\/despre-noi-2\/#breadcrumb\",\"itemListElement\":[{\"@type\":\"ListItem\",\"position\":1,\"name\":\"Home\",\"item\":\"https:\/\/dtse.ro\/ro\/\"},{\"@type\":\"ListItem\",\"position\":2,\"name\":\"Despre noi\"}]},{\"@type\":\"WebSite\",\"@id\":\"https:\/\/dtse.ro\/#website\",\"url\":\"https:\/\/dtse.ro\/\",\"name\":\"Deutsche Telekom Services Europe Romania\",\"description\":\"\",\"publisher\":{\"@id\":\"https:\/\/dtse.ro\/#organization\"},\"potentialAction\":[{\"@type\":\"SearchAction\",\"target\":{\"@type\":\"EntryPoint\",\"urlTemplate\":\"https:\/\/dtse.ro\/?s={search_term_string}\"},\"query-input\":\"required name=search_term_string\"}],\"inLanguage\":\"ro-RO\"},{\"@type\":\"Organization\",\"@id\":\"https:\/\/dtse.ro\/#organization\",\"name\":\"Deutsche Telekom Services Europe Romania\",\"url\":\"https:\/\/dtse.ro\/\",\"logo\":{\"@type\":\"ImageObject\",\"inLanguage\":\"ro-RO\",\"@id\":\"https:\/\/dtse.ro\/#\/schema\/logo\/image\/\",\"url\":\"https:\/\/dtse.ro\/wp-content\/uploads\/footer_logo.png\",\"contentUrl\":\"https:\/\/dtse.ro\/wp-content\/uploads\/footer_logo.png\",\"width\":85,\"height\":37,\"caption\":\"Deutsche Telekom Services Europe Romania\"},\"image\":{\"@id\":\"https:\/\/dtse.ro\/#\/schema\/logo\/image\/\"}}]}<\/script>\n<!-- \/ Yoast SEO plugin. -->","yoast_head_json":{"title":"Despre noi - Deutsche Telekom Services Europe Romania","robots":{"index":"index","follow":"follow","max-snippet":"max-snippet:-1","max-image-preview":"max-image-preview:large","max-video-preview":"max-video-preview:-1"},"canonical":"https:\/\/dtse.ro\/ro\/despre-noi-2\/","og_locale":"ro_RO","og_type":"article","og_title":"Despre noi - Deutsche Telekom Services Europe Romania","og_description":"Despre noi Deutsche Telekom Services Europe Romania Startup-ul Deutsche Telekom Business Services a luat na\u0219tere \u00een Europa \u00een anul 2013, perioad\u0103 \u00een care se contura (\u2026) Afla mai multe \"Despre noi\"","og_url":"https:\/\/dtse.ro\/ro\/despre-noi-2\/","og_site_name":"Deutsche Telekom Services Europe Romania","article_modified_time":"2023-02-15T09:46:22+00:00","twitter_card":"summary_large_image","twitter_misc":{"Timp estimat pentru citire":"4 minute"},"schema":{"@context":"https:\/\/schema.org","@graph":[{"@type":"WebPage","@id":"https:\/\/dtse.ro\/ro\/despre-noi-2\/","url":"https:\/\/dtse.ro\/ro\/despre-noi-2\/","name":"Despre noi - Deutsche Telekom Services Europe Romania","isPartOf":{"@id":"https:\/\/dtse.ro\/#website"},"datePublished":"2023-02-15T09:40:47+00:00","dateModified":"2023-02-15T09:46:22+00:00","breadcrumb":{"@id":"https:\/\/dtse.ro\/ro\/despre-noi-2\/#breadcrumb"},"inLanguage":"ro-RO","potentialAction":[{"@type":"ReadAction","target":["https:\/\/dtse.ro\/ro\/despre-noi-2\/"]}]},{"@type":"BreadcrumbList","@id":"https:\/\/dtse.ro\/ro\/despre-noi-2\/#breadcrumb","itemListElement":[{"@type":"ListItem","position":1,"name":"Home","item":"https:\/\/dtse.ro\/ro\/"},{"@type":"ListItem","position":2,"name":"Despre noi"}]},{"@type":"WebSite","@id":"https:\/\/dtse.ro\/#website","url":"https:\/\/dtse.ro\/","name":"Deutsche Telekom Services Europe Romania","description":"","publisher":{"@id":"https:\/\/dtse.ro\/#organization"},"potentialAction":[{"@type":"SearchAction","target":{"@type":"EntryPoint","urlTemplate":"https:\/\/dtse.ro\/?s={search_term_string}"},"query-input":"required name=search_term_string"}],"inLanguage":"ro-RO"},{"@type":"Organization","@id":"https:\/\/dtse.ro\/#organization","name":"Deutsche Telekom Services Europe Romania","url":"https:\/\/dtse.ro\/","logo":{"@type":"ImageObject","inLanguage":"ro-RO","@id":"https:\/\/dtse.ro\/#\/schema\/logo\/image\/","url":"https:\/\/dtse.ro\/wp-content\/uploads\/footer_logo.png","contentUrl":"https:\/\/dtse.ro\/wp-content\/uploads\/footer_logo.png","width":85,"height":37,"caption":"Deutsche Telekom Services Europe Romania"},"image":{"@id":"https:\/\/dtse.ro\/#\/schema\/logo\/image\/"}}]}},"_links":{"self":[{"href":"https:\/\/dtse.ro\/ro\/wp-json\/wp\/v2\/pages\/11946"}],"collection":[{"href":"https:\/\/dtse.ro\/ro\/wp-json\/wp\/v2\/pages"}],"about":[{"href":"https:\/\/dtse.ro\/ro\/wp-json\/wp\/v2\/types\/page"}],"author":[{"embeddable":true,"href":"https:\/\/dtse.ro\/ro\/wp-json\/wp\/v2\/users\/17"}],"replies":[{"embeddable":true,"href":"https:\/\/dtse.ro\/ro\/wp-json\/wp\/v2\/comments?post=11946"}],"version-history":[{"count":5,"href":"https:\/\/dtse.ro\/ro\/wp-json\/wp\/v2\/pages\/11946\/revisions"}],"predecessor-version":[{"id":12191,"href":"https:\/\/dtse.ro\/ro\/wp-json\/wp\/v2\/pages\/11946\/revisions\/12191"}],"wp:attachment":[{"href":"https:\/\/dtse.ro\/ro\/wp-json\/wp\/v2\/media?parent=11946"}],"curies":[{"name":"wp","href":"https:\/\/api.w.org\/{rel}","templated":true}]}}